{"id":25,"date":"2023-08-20T12:52:39","date_gmt":"2023-08-20T12:52:39","guid":{"rendered":"https:\/\/isabellemorais.com\/?page_id=25"},"modified":"2023-08-30T23:55:06","modified_gmt":"2023-08-30T23:55:06","slug":"imprensa","status":"publish","type":"page","link":"https:\/\/isabellemorais.com\/?page_id=25","title":{"rendered":"Imprensa"},"content":{"rendered":"\n<div style=\"height:50px\" aria-hidden=\"true\" class=\"wp-block-spacer\"><\/div>\n\n\n\n<div class=\"wp-block-columns is-layout-flex wp-container-core-columns-is-layout-1 wp-block-columns-is-layout-flex\">\n<div class=\"wp-block-column is-layout-flow wp-block-column-is-layout-flow\">\n<h2 class=\"wp-block-heading\">PODCASTS<\/h2>\n\n\n\n<p><strong>Wine About It:<\/strong> <a rel=\"noreferrer noopener\" href=\"https:\/\/open.spotify.com\/episode\/3CCZ4WetHURG8X61gMev7o?si=8e086c2619dc48dd&amp;nd=1\" target=\"_blank\">Sim, esse \u00e9 um epis\u00f3dio sobre sexo (na literatura)<\/a><\/p>\n\n\n\n<p><strong>Os 12 Trabalhos do Escritor<\/strong>: <a rel=\"noreferrer noopener\" href=\"https:\/\/open.spotify.com\/episode\/7fQzdSi0RFlBzaLgFUUgqj?si=8ae8055b13194e79&amp;nd=1\" target=\"_blank\">Como escrever um best-seller, vencer concursos e ficar rico<\/a><\/p>\n\n\n\n<p><strong>Eis a Quest\u00e3o: <\/strong><a rel=\"noreferrer noopener\" href=\"https:\/\/open.spotify.com\/episode\/2Uxih93I3BCBBuHvVMWBIm?si=7afd089ed0754006&amp;nd=1\" target=\"_blank\">Clich\u00eas de Romance!<\/a><\/p>\n\n\n\n<p><strong>Curta Fic\u00e7\u00e3o: <\/strong><a rel=\"noreferrer noopener\" href=\"http:\/\/curtaficcao.blubrry.com\/2021\/07\/26\/curta-ficcao-114-romantasia-o-que-e-e-como-escrever-com-marina-orli-e-isabelle-morais\/\" target=\"_blank\">Romantasia: o que \u00e9 e como escrever<\/a><\/p>\n<\/div>\n\n\n\n<div class=\"wp-block-column is-layout-flow wp-block-column-is-layout-flow\">\n<h2 class=\"wp-block-heading\">REPORTAGENS<\/h2>\n\n\n\n<p>A serem adicionadas.<\/p>\n<\/div>\n<\/div>\n\n\n\n<div style=\"height:30px\" aria-hidden=\"true\" class=\"wp-block-spacer\"><\/div>\n\n\n\n<div class=\"wp-block-columns is-layout-flex wp-container-core-columns-is-layout-2 wp-block-columns-is-layout-flex\">\n<div class=\"wp-block-column is-layout-flow wp-block-column-is-layout-flow\">\n<h2 class=\"wp-block-heading\">EVENTOS<\/h2>\n\n\n\n<p>A serem adicionados.<\/p>\n<\/div>\n\n\n\n<div class=\"wp-block-column is-layout-flow wp-block-column-is-layout-flow\">\n<h2 class=\"wp-block-heading\">ENTREVISTAS<\/h2>\n\n\n\n<p>A serem adicionadas.<\/p>\n<\/div>\n<\/div>\n\n\n\n<div class=\"wp-block-columns is-layout-flex wp-container-core-columns-is-layout-3 wp-block-columns-is-layout-flex\">\n<div class=\"wp-block-column is-layout-flow wp-block-column-is-layout-flow\">\n<p><\/p>\n<\/div>\n<\/div>\n\n\n\n<div style=\"height:30px\" aria-hidden=\"true\" class=\"wp-block-spacer\"><\/div>\n","protected":false},"excerpt":{"rendered":"<p>PODCASTS Wine About It: Sim, esse \u00e9 um epis\u00f3dio sobre sexo (na literatura) Os 12 Trabalhos do Escritor: Como escrever um best-seller, vencer concursos e ficar rico Eis a Quest\u00e3o: Clich\u00eas de Romance! Curta Fic\u00e7\u00e3o: Romantasia: o que \u00e9 e como escrever REPORTAGENS A serem adicionadas. EVENTOS A serem adicionados. ENTREVISTAS A serem adicionadas.<\/p>\n","protected":false},"author":2,"featured_media":0,"parent":0,"menu_order":0,"comment_status":"closed","ping_status":"closed","template":"","meta":{"footnotes":""},"class_list":["post-25","page","type-page","status-publish","hentry","entry"],"_links":{"self":[{"href":"https:\/\/isabellemorais.com\/index.php?rest_route=\/wp\/v2\/pages\/25","targetHints":{"allow":["GET"]}}],"collection":[{"href":"https:\/\/isabellemorais.com\/index.php?rest_route=\/wp\/v2\/pages"}],"about":[{"href":"https:\/\/isabellemorais.com\/index.php?rest_route=\/wp\/v2\/types\/page"}],"author":[{"embeddable":true,"href":"https:\/\/isabellemorais.com\/index.php?rest_route=\/wp\/v2\/users\/2"}],"replies":[{"embeddable":true,"href":"https:\/\/isabellemorais.com\/index.php?rest_route=%2Fwp%2Fv2%2Fcomments&post=25"}],"version-history":[{"count":6,"href":"https:\/\/isabellemorais.com\/index.php?rest_route=\/wp\/v2\/pages\/25\/revisions"}],"predecessor-version":[{"id":144,"href":"https:\/\/isabellemorais.com\/index.php?rest_route=\/wp\/v2\/pages\/25\/revisions\/144"}],"wp:attachment":[{"href":"https:\/\/isabellemorais.com\/index.php?rest_route=%2Fwp%2Fv2%2Fmedia&parent=25"}],"curies":[{"name":"wp","href":"https:\/\/api.w.org\/{rel}","templated":true}]}}