{"id":21,"date":"2023-08-20T12:52:14","date_gmt":"2023-08-20T12:52:14","guid":{"rendered":"https:\/\/isabellemorais.com\/?page_id=21"},"modified":"2023-09-07T16:01:38","modified_gmt":"2023-09-07T16:01:38","slug":"romances","status":"publish","type":"page","link":"https:\/\/isabellemorais.com\/?page_id=21","title":{"rendered":"Romances"},"content":{"rendered":"\n<div style=\"height:50px\" aria-hidden=\"true\" class=\"wp-block-spacer\"><\/div>\n\n\n\n<div class=\"wp-block-columns is-layout-flex wp-container-core-columns-is-layout-1 wp-block-columns-is-layout-flex\">\n<div class=\"wp-block-column is-layout-flow wp-block-column-is-layout-flow\"><div class=\"wp-block-image\">\n<figure class=\"alignright size-large is-resized\"><img loading=\"lazy\" decoding=\"async\" src=\"https:\/\/isabellemorais.com\/wp-content\/uploads\/2023\/08\/AF-Tratado-3k-719x1024.png\" alt=\"Tratado Sobre Tempestades\" class=\"wp-image-36\" width=\"360\" height=\"512\" srcset=\"https:\/\/isabellemorais.com\/wp-content\/uploads\/2023\/08\/AF-Tratado-3k-719x1024.png 719w, https:\/\/isabellemorais.com\/wp-content\/uploads\/2023\/08\/AF-Tratado-3k-211x300.png 211w, https:\/\/isabellemorais.com\/wp-content\/uploads\/2023\/08\/AF-Tratado-3k-768x1094.png 768w, https:\/\/isabellemorais.com\/wp-content\/uploads\/2023\/08\/AF-Tratado-3k-1078x1536.png 1078w, https:\/\/isabellemorais.com\/wp-content\/uploads\/2023\/08\/AF-Tratado-3k-1438x2048.png 1438w\" sizes=\"auto, (max-width: 360px) 100vw, 360px\" \/><\/figure><\/div><\/div>\n\n\n\n<div class=\"wp-block-column is-layout-flow wp-block-column-is-layout-flow\" style=\"flex-basis:20px\"><\/div>\n\n\n\n<div class=\"wp-block-column is-layout-flow wp-block-column-is-layout-flow\">\n<div style=\"height:15px\" aria-hidden=\"true\" class=\"wp-block-spacer\"><\/div>\n\n\n\n<h2 class=\"wp-block-heading has-text-align-left\">TRATADO SOBRE TEMPESTADES E OUTROS FEN\u00d4MENOS EXTRAORDIN\u00c1RIOS<\/h2>\n\n\n\n<div style=\"height:15px\" aria-hidden=\"true\" class=\"wp-block-spacer\"><\/div>\n\n\n\n<p><strong>Compre:<\/strong> <a rel=\"noreferrer noopener\" href=\"https:\/\/www.amazon.com.br\/Tratado-Tempestades-fen%C3%B4menos-extraordin%C3%A1rios-Alquimistas-ebook\/dp\/B0BG99SCPQ?crid=19M0MRHOYSHC8&amp;keywords=tratado+sobre+tempestades+e+outros+fen%C3%B4menos+extraordin%C3%A1rios&amp;qid=1687962437&amp;sprefix=tratado+sobre+tempesta,aps,225&amp;sr=8-1&amp;linkCode=sl1&amp;tag=barbaraescreve-20&amp;linkId=6e9298a724f7fd6fe37b18a80c074091&amp;language=pt_BR&amp;ref_=as_li_ss_tl\" target=\"_blank\">Amazon<\/a> | <a rel=\"noreferrer noopener\" href=\"https:\/\/play.google.com\/store\/books\/details?id=ntCLEAAAQBAJ&amp;PAffiliateID=1l3vnbh\" target=\"_blank\">Google Play<\/a> | <a rel=\"noreferrer noopener\" href=\"https:\/\/grupoautentica.com.br\/gutenberg\/livros\/ilha-dos-dissidentes-nova-edicao\/951\" target=\"_blank\">Tapas<\/a><\/p>\n\n\n\n<p><strong>Adicione: <\/strong><a rel=\"noreferrer noopener\" href=\"https:\/\/www.skoob.com.br\/livro\/12080815ED12065403\" target=\"_blank\">Skoob<\/a> | <a rel=\"noreferrer noopener\" href=\"https:\/\/www.goodreads.com\/book\/show\/58601628-tratado-sobre-tempestades-e-outros-fen-menos-extraordin-rios?ac=1&amp;from_search=true&amp;qid=oM9mC96oR6&amp;rank=1\" target=\"_blank\">Goodreads<\/a><\/p>\n\n\n\n<p>Quando a oportunidade para se graduar como Alquimista Extraordin\u00e1ria antes do esperado aparece, Morena e Aleksey a agarram sem pensar duas vezes. \u00c9 o que sempre quiseram, o t\u00edtulo que lhes dar\u00e1 o poder que precisam para se impor na Corte e serem respeitados\u2026 ou temidos.&nbsp;<\/p>\n\n\n\n<p>&nbsp;Mas Aleksey ainda n\u00e3o se recuperou totalmente do tiro que levou do pr\u00f3prio tio e n\u00e3o h\u00e1 garantia nenhuma de que ele ser\u00e1 capaz de chegar at\u00e9 o final da prova, principalmente ao perceber uma presen\u00e7a desagrad\u00e1vel nas arquibancadas. Morena come\u00e7a a prova disposta a fazer o que for necess\u00e1rio para ter o poder que precisa \u2014 mas nada vem de gra\u00e7a, o pre\u00e7o a pagar pelo que se quer pode ser caro demais.&nbsp;<\/p>\n\n\n\n<p>Assistindo ao drama das arquibancadas, Ivan percebe que n\u00e3o pode aceitar que manipulem as pessoas que ele ama daquele jeito, que n\u00e3o pode perder a oportunidade de fazer com que aquela seja a \u00faltima vez que algo daquele tipo acontece, mesmo que lhe custe algo que ama muito.&nbsp;<\/p>\n\n\n\n<p><em>&nbsp;O que a magia d\u00e1, a magia tira,<\/em>&nbsp;\u00e9 o que dizem as babushki enquanto contam hist\u00f3rias ao redor da fogueira. Ivan, Morena e Aleksey est\u00e3o prestes a descobrir o qu\u00e3o verdadeiro \u00e9 esse ditado.<\/p>\n\n\n\n<div style=\"height:10px\" aria-hidden=\"true\" class=\"wp-block-spacer\"><\/div>\n\n\n\n<p class=\"has-background has-small-font-size\" style=\"background-color:#f3f3f3\"><strong>Aviso de conte\u00fado:<\/strong> Essa obra cont\u00e9m situa\u00e7\u00f5es de abuso e tortura psicol\u00f3gica, men\u00e7\u00e3o a viol\u00eancia f\u00edsica, sintomas relacionados a depress\u00e3o e ansiedade.<\/p>\n\n\n\n<p class=\"has-background has-small-font-size\" style=\"background-color:#ebebeb\">Trisal, Idiots to Lovers, Friends to Lovers, Escolha de Magia, Todo mundo \u00e9 LGBT+, Mundo de inspira\u00e7\u00e3o eslava.<\/p>\n<\/div>\n\n\n\n<div class=\"wp-block-column is-layout-flow wp-block-column-is-layout-flow\" style=\"flex-basis:40px\"><\/div>\n<\/div>\n\n\n\n<div style=\"height:10px\" aria-hidden=\"true\" class=\"wp-block-spacer\"><\/div>\n\n\n\n<hr class=\"wp-block-separator has-text-color has-alpha-channel-opacity has-background is-style-wide\" style=\"background-color:#86040e;color:#86040e\"\/>\n\n\n\n<div style=\"height:40px\" aria-hidden=\"true\" class=\"wp-block-spacer\"><\/div>\n\n\n\n<div class=\"wp-block-columns is-layout-flex wp-container-core-columns-is-layout-2 wp-block-columns-is-layout-flex\">\n<div class=\"wp-block-column is-layout-flow wp-block-column-is-layout-flow\"><div class=\"wp-block-image\">\n<figure class=\"alignright size-large is-resized\"><img loading=\"lazy\" decoding=\"async\" src=\"https:\/\/isabellemorais.com\/wp-content\/uploads\/2023\/08\/AF-CAPA-Estudo-719x1024.jpg\" alt=\"Estudo Sobre Amor e outros venenos letais\" class=\"wp-image-38\" width=\"360\" height=\"512\" srcset=\"https:\/\/isabellemorais.com\/wp-content\/uploads\/2023\/08\/AF-CAPA-Estudo-719x1024.jpg 719w, https:\/\/isabellemorais.com\/wp-content\/uploads\/2023\/08\/AF-CAPA-Estudo-211x300.jpg 211w, https:\/\/isabellemorais.com\/wp-content\/uploads\/2023\/08\/AF-CAPA-Estudo-768x1094.jpg 768w, https:\/\/isabellemorais.com\/wp-content\/uploads\/2023\/08\/AF-CAPA-Estudo-1078x1536.jpg 1078w, https:\/\/isabellemorais.com\/wp-content\/uploads\/2023\/08\/AF-CAPA-Estudo-1438x2048.jpg 1438w, https:\/\/isabellemorais.com\/wp-content\/uploads\/2023\/08\/AF-CAPA-Estudo-scaled.jpg 1797w\" sizes=\"auto, (max-width: 360px) 100vw, 360px\" \/><\/figure><\/div><\/div>\n\n\n\n<div class=\"wp-block-column is-layout-flow wp-block-column-is-layout-flow\" style=\"flex-basis:20px\"><\/div>\n\n\n\n<div class=\"wp-block-column is-layout-flow wp-block-column-is-layout-flow\">\n<div style=\"height:15px\" aria-hidden=\"true\" class=\"wp-block-spacer\"><\/div>\n\n\n\n<h2 class=\"wp-block-heading has-text-align-left\">ESTUDO SOBRE AMOR E OUTROS VENENOS LETAIS<\/h2>\n\n\n\n<div style=\"height:15px\" aria-hidden=\"true\" class=\"wp-block-spacer\"><\/div>\n\n\n\n<p><strong>Compre:<\/strong> <a href=\"https:\/\/tapas.io\/series\/Estudo-sobre-Amor-e-outros-venenos-letais\/info\" target=\"_blank\" rel=\"noreferrer noopener\">Tapas<\/a> | <a href=\"https:\/\/www.wattpad.com\/story\/324811081-estudo-sobre-amor-e-outros-venenos-letais\" target=\"_blank\" rel=\"noreferrer noopener\">Wattpad<\/a><\/p>\n\n\n\n<p><strong>Adicione: <\/strong><a href=\"https:\/\/www.skoob.com.br\/livro\/122322797ED122327734\" target=\"_blank\" rel=\"noreferrer noopener\">Skoob<\/a> | <a href=\"https:\/\/www.goodreads.com\/book\/show\/63264936-estudo-sobre-amor-e-outros-venenos-letais?ref=nav_sb_ss_1_26\" target=\"_blank\" rel=\"noreferrer noopener\">Goodreads<\/a><\/p>\n\n\n\n<p>Quando tomou a decis\u00e3o de se afastar de Morena e Ivan, Aleksey n\u00e3o esperava que seria t\u00e3o dif\u00edcil. Apesar de fazer de tudo para manter a dist\u00e2ncia e afast\u00e1-los de seus pensamentos, ele n\u00e3o tem como escapar da festa de ver\u00e3o dos Medinikov. E pela primeira vez, em dezesseis meses \u2014 n\u00e3o que Aleksey estivesse contando \u2014, os tr\u00eas se reencontram. Agora, Aleksey precisa enfrentar o turbilh\u00e3o de sentimentos que tentou esquecer.<\/p>\n\n\n\n<div style=\"height:10px\" aria-hidden=\"true\" class=\"wp-block-spacer\"><\/div>\n\n\n\n<p class=\"has-background has-small-font-size\" style=\"background-color:#f3f3f3\"><strong>Aviso de conte\u00fado: <\/strong>Essa obra cont\u00e9m\/menciona comportamentos t\u00f3xicos, quadro depressivo, familiares abusivos, tentativa de homic\u00eddio, lembran\u00e7a de consentimento d\u00fabio. Possui cenas de sexo.<\/p>\n\n\n\n<p class=\"has-background has-small-font-size\" style=\"background-color:#f3f3f3\">Trisal, Idiots to Lovers, Friends to Lovers, Escolha de Magia, Todo mundo \u00e9 LGBT+, Mundo de inspira\u00e7\u00e3o eslava.<\/p>\n<\/div>\n\n\n\n<div class=\"wp-block-column is-layout-flow wp-block-column-is-layout-flow\" style=\"flex-basis:40px\"><\/div>\n<\/div>\n\n\n\n<hr class=\"wp-block-separator has-text-color has-alpha-channel-opacity has-background is-style-wide\" style=\"background-color:#86040e;color:#86040e\"\/>\n\n\n\n<div style=\"height:10px\" aria-hidden=\"true\" class=\"wp-block-spacer\"><\/div>\n\n\n\n<h2 class=\"wp-block-heading has-text-align-center\"><a href=\"https:\/\/tapas.io\/series\/Extras-de-Alquimistas\" data-type=\"URL\" data-id=\"https:\/\/tapas.io\/series\/Extras-de-Alquimistas\" target=\"_blank\" rel=\"noreferrer noopener\">Leia os extras da s\u00e9rie gratuitamente no Tapas<\/a><\/h2>\n","protected":false},"excerpt":{"rendered":"<p>TRATADO SOBRE TEMPESTADES E OUTROS FEN\u00d4MENOS EXTRAORDIN\u00c1RIOS Compre: Amazon | Google Play | Tapas Adicione: Skoob | Goodreads Quando a oportunidade para se graduar como Alquimista Extraordin\u00e1ria antes do esperado aparece, Morena e Aleksey a agarram sem pensar duas vezes. \u00c9 o que sempre quiseram, o t\u00edtulo que lhes dar\u00e1 o poder que precisam para [&hellip;]<\/p>\n","protected":false},"author":2,"featured_media":0,"parent":0,"menu_order":0,"comment_status":"closed","ping_status":"closed","template":"","meta":{"footnotes":""},"class_list":["post-21","page","type-page","status-publish","hentry","entry"],"_links":{"self":[{"href":"https:\/\/isabellemorais.com\/index.php?rest_route=\/wp\/v2\/pages\/21","targetHints":{"allow":["GET"]}}],"collection":[{"href":"https:\/\/isabellemorais.com\/index.php?rest_route=\/wp\/v2\/pages"}],"about":[{"href":"https:\/\/isabellemorais.com\/index.php?rest_route=\/wp\/v2\/types\/page"}],"author":[{"embeddable":true,"href":"https:\/\/isabellemorais.com\/index.php?rest_route=\/wp\/v2\/users\/2"}],"replies":[{"embeddable":true,"href":"https:\/\/isabellemorais.com\/index.php?rest_route=%2Fwp%2Fv2%2Fcomments&post=21"}],"version-history":[{"count":16,"href":"https:\/\/isabellemorais.com\/index.php?rest_route=\/wp\/v2\/pages\/21\/revisions"}],"predecessor-version":[{"id":152,"href":"https:\/\/isabellemorais.com\/index.php?rest_route=\/wp\/v2\/pages\/21\/revisions\/152"}],"wp:attachment":[{"href":"https:\/\/isabellemorais.com\/index.php?rest_route=%2Fwp%2Fv2%2Fmedia&parent=21"}],"curies":[{"name":"wp","href":"https:\/\/api.w.org\/{rel}","templated":true}]}}