{"id":2,"date":"2023-02-09T22:53:17","date_gmt":"2023-02-09T22:53:17","guid":{"rendered":"https:\/\/isabellemorais.com\/?page_id=2"},"modified":"2025-05-30T02:15:16","modified_gmt":"2025-05-30T02:15:16","slug":"sample-page","status":"publish","type":"page","link":"https:\/\/isabellemorais.com\/","title":{"rendered":"In\u00edcio"},"content":{"rendered":"\n<div style=\"height:50px\" aria-hidden=\"true\" class=\"wp-block-spacer\"><\/div>\n\n\n\n<h3 class=\"wp-block-heading has-text-align-center\">CONHE\u00c7A A S\u00c9RIE<\/h3>\n\n\n\n<h1 class=\"wp-block-heading has-text-align-center\">ALQUIMISTAS<\/h1>\n\n\n\n<p class=\"has-text-align-center\">Dispon\u00edvel de forma paga ou gratuita.<\/p>\n\n\n\n<div style=\"height:35px\" aria-hidden=\"true\" class=\"wp-block-spacer\"><\/div>\n\n\n\n<div class=\"wp-block-columns are-vertically-aligned-center is-layout-flex wp-container-core-columns-is-layout-1 wp-block-columns-is-layout-flex\">\n<div class=\"wp-block-column is-layout-flow wp-block-column-is-layout-flow\" style=\"flex-basis:150px\"><\/div>\n\n\n\n<div class=\"wp-block-column is-vertically-aligned-center is-layout-flow wp-block-column-is-layout-flow\">\n<figure class=\"wp-block-image size-large\"><img loading=\"lazy\" decoding=\"async\" width=\"719\" height=\"1024\" src=\"https:\/\/isabellemorais.com\/wp-content\/uploads\/2023\/08\/AF-Tratado-3k-719x1024.png\" alt=\"Tratado Sobre Tempestades\" class=\"wp-image-36\" srcset=\"https:\/\/isabellemorais.com\/wp-content\/uploads\/2023\/08\/AF-Tratado-3k-719x1024.png 719w, https:\/\/isabellemorais.com\/wp-content\/uploads\/2023\/08\/AF-Tratado-3k-211x300.png 211w, https:\/\/isabellemorais.com\/wp-content\/uploads\/2023\/08\/AF-Tratado-3k-768x1094.png 768w, https:\/\/isabellemorais.com\/wp-content\/uploads\/2023\/08\/AF-Tratado-3k-1078x1536.png 1078w, https:\/\/isabellemorais.com\/wp-content\/uploads\/2023\/08\/AF-Tratado-3k-1438x2048.png 1438w\" sizes=\"auto, (max-width: 719px) 100vw, 719px\" \/><\/figure>\n<\/div>\n\n\n\n<div class=\"wp-block-column is-vertically-aligned-center is-layout-flow wp-block-column-is-layout-flow\">\n<figure class=\"wp-block-image size-large\"><img loading=\"lazy\" decoding=\"async\" width=\"719\" height=\"1024\" src=\"https:\/\/isabellemorais.com\/wp-content\/uploads\/2023\/08\/AF-CAPA-Estudo-719x1024.jpg\" alt=\"Estudo Sobre Amor e outros venenos letais\" class=\"wp-image-38\" srcset=\"https:\/\/isabellemorais.com\/wp-content\/uploads\/2023\/08\/AF-CAPA-Estudo-719x1024.jpg 719w, https:\/\/isabellemorais.com\/wp-content\/uploads\/2023\/08\/AF-CAPA-Estudo-211x300.jpg 211w, https:\/\/isabellemorais.com\/wp-content\/uploads\/2023\/08\/AF-CAPA-Estudo-768x1094.jpg 768w, https:\/\/isabellemorais.com\/wp-content\/uploads\/2023\/08\/AF-CAPA-Estudo-1078x1536.jpg 1078w, https:\/\/isabellemorais.com\/wp-content\/uploads\/2023\/08\/AF-CAPA-Estudo-1438x2048.jpg 1438w, https:\/\/isabellemorais.com\/wp-content\/uploads\/2023\/08\/AF-CAPA-Estudo-scaled.jpg 1797w\" sizes=\"auto, (max-width: 719px) 100vw, 719px\" \/><\/figure>\n<\/div>\n\n\n\n<div class=\"wp-block-column is-layout-flow wp-block-column-is-layout-flow\" style=\"flex-basis:150px\"><\/div>\n<\/div>\n\n\n\n<div style=\"height:70px\" aria-hidden=\"true\" class=\"wp-block-spacer\"><\/div>\n\n\n\n<h3 class=\"wp-block-heading has-text-align-center\">QUEM \u00c9<\/h3>\n\n\n\n<h1 class=\"wp-block-heading has-text-align-center\">ISABELLE MORAIS<\/h1>\n\n\n\n<div style=\"height:35px\" aria-hidden=\"true\" class=\"wp-block-spacer\"><\/div>\n\n\n\n<div class=\"wp-block-columns is-layout-flex wp-container-core-columns-is-layout-2 wp-block-columns-is-layout-flex\">\n<div class=\"wp-block-column is-layout-flow wp-block-column-is-layout-flow\" style=\"flex-basis:15%\"><\/div>\n\n\n\n<div class=\"wp-block-column is-vertically-aligned-top is-layout-flow wp-block-column-is-layout-flow\" style=\"flex-basis:30%\">\n<figure class=\"wp-block-image size-large\"><img loading=\"lazy\" decoding=\"async\" width=\"768\" height=\"1024\" src=\"https:\/\/isabellemorais.com\/wp-content\/uploads\/2023\/08\/photo_2023-08-07_18-00-53-768x1024.jpg\" alt=\"\" class=\"wp-image-52\" srcset=\"https:\/\/isabellemorais.com\/wp-content\/uploads\/2023\/08\/photo_2023-08-07_18-00-53-768x1024.jpg 768w, https:\/\/isabellemorais.com\/wp-content\/uploads\/2023\/08\/photo_2023-08-07_18-00-53-225x300.jpg 225w, https:\/\/isabellemorais.com\/wp-content\/uploads\/2023\/08\/photo_2023-08-07_18-00-53.jpg 960w\" sizes=\"auto, (max-width: 768px) 100vw, 768px\" \/><\/figure>\n<\/div>\n\n\n\n<div class=\"wp-block-column is-vertically-aligned-top is-layout-flow wp-block-column-is-layout-flow\" style=\"flex-basis:40%\">\n<p>Isabelle Morais \u00e9 brasiliense e descobriu em primeira m\u00e3o porque existem tantos vil\u00f5es que possuem doutorado. Gasta seu tempo livre lendo livros de romances com monstros, escrevendo fanfic e jogando Dragon Age. \u00c9 autora de hist\u00f3rias de romance e fantasia como <em>Tratado sobre Tempestades e outros fen\u00f4menos extraordin\u00e1rios<\/em>, primeiro da s\u00e9rie Alquimistas, e contos de horror como O Horror da Fazenda S\u00e3o L\u00e1zaro.<\/p>\n\n\n\n<p>Para contatos a respeito de publica\u00e7\u00f5es e eventos, envie um e-mail para Karoline Melo, da <a href=\"https:\/\/agenciamoneta.com.br\/\">Ag\u00eancia Moneta<\/a>, em <a href=\"mailto:karoline@agenciamoneta.com.br\" target=\"_blank\" rel=\"noreferrer noopener\">karoline@agenciamoneta.com.br<\/a>.<\/p>\n<\/div>\n\n\n\n<div class=\"wp-block-column is-layout-flow wp-block-column-is-layout-flow\" style=\"flex-basis:15%\"><\/div>\n<\/div>\n\n\n\n<div style=\"height:70px\" aria-hidden=\"true\" class=\"wp-block-spacer\"><\/div>\n\n\n\n<h1 class=\"wp-block-heading has-text-align-center\">NEWSLETTER<\/h1>\n\n\n\n<div style=\"height:35px\" aria-hidden=\"true\" class=\"wp-block-spacer\"><\/div>\n\n\n\n<iframe loading=\"lazy\" src=\"https:\/\/embeds.beehiiv.com\/e9a02afd-19bb-4355-8526-214088ab7784\" data-test-id=\"beehiiv-embed\" width=\"100%\" height=\"320\" frameborder=\"0\" scrolling=\"no\" style=\"border-radius: 4px; border: 2px solid #e5e7eb; margin: 0; background-color: transparent;\"><\/iframe>\n\n\n\n<div style=\"height:70px\" aria-hidden=\"true\" class=\"wp-block-spacer\"><\/div>\n","protected":false},"excerpt":{"rendered":"<p>CONHE\u00c7A A S\u00c9RIE ALQUIMISTAS Dispon\u00edvel de forma paga ou gratuita. QUEM \u00c9 ISABELLE MORAIS Isabelle Morais \u00e9 brasiliense e descobriu em primeira m\u00e3o porque existem tantos vil\u00f5es que possuem doutorado. Gasta seu tempo livre lendo livros de romances com monstros, escrevendo fanfic e jogando Dragon Age. \u00c9 autora de hist\u00f3rias de romance e fantasia como [&hellip;]<\/p>\n","protected":false},"author":1,"featured_media":0,"parent":0,"menu_order":0,"comment_status":"closed","ping_status":"open","template":"","meta":{"footnotes":""},"class_list":["post-2","page","type-page","status-publish","hentry","entry"],"_links":{"self":[{"href":"https:\/\/isabellemorais.com\/index.php?rest_route=\/wp\/v2\/pages\/2","targetHints":{"allow":["GET"]}}],"collection":[{"href":"https:\/\/isabellemorais.com\/index.php?rest_route=\/wp\/v2\/pages"}],"about":[{"href":"https:\/\/isabellemorais.com\/index.php?rest_route=\/wp\/v2\/types\/page"}],"author":[{"embeddable":true,"href":"https:\/\/isabellemorais.com\/index.php?rest_route=\/wp\/v2\/users\/1"}],"replies":[{"embeddable":true,"href":"https:\/\/isabellemorais.com\/index.php?rest_route=%2Fwp%2Fv2%2Fcomments&post=2"}],"version-history":[{"count":13,"href":"https:\/\/isabellemorais.com\/index.php?rest_route=\/wp\/v2\/pages\/2\/revisions"}],"predecessor-version":[{"id":163,"href":"https:\/\/isabellemorais.com\/index.php?rest_route=\/wp\/v2\/pages\/2\/revisions\/163"}],"wp:attachment":[{"href":"https:\/\/isabellemorais.com\/index.php?rest_route=%2Fwp%2Fv2%2Fmedia&parent=2"}],"curies":[{"name":"wp","href":"https:\/\/api.w.org\/{rel}","templated":true}]}}